{"id":43,"date":"2024-04-11T12:26:08","date_gmt":"2024-04-11T12:26:08","guid":{"rendered":"https:\/\/ambientiflessibili.uniroma3.it\/?page_id=43"},"modified":"2024-11-05T09:00:06","modified_gmt":"2024-11-05T09:00:06","slug":"programma","status":"publish","type":"page","link":"https:\/\/ambientiflessibili.uniroma3.it\/?page_id=43","title":{"rendered":"programma"},"content":{"rendered":"\n<p style=\"font-style:normal;font-weight:800\">7 novembre 2024 \/ 9:00-13:00, 14:00-16:30<br>Dipartimento di Architettura, Universit\u00e0 degli Studi Roma Tre<br>Via Aldo Manuzio 68L<\/p>\n\n\n\n<p><strong>9:00 &#8211; Registrazione<\/strong>, Aula Libera, Padiglione 8 &#8211; Piano terra<\/p>\n\n\n\n<p><strong>9:30 &#8211; Saluti istituzionali<\/strong> (moderatrici: Barbara De Angelis, Laura Farroni)<br>Massimiliano Fiorucci, Magnifico Rettore Universit\u00e0 degli Studi Roma Tre<br>Anna Lisa Tota, Prorettrice Vicaria Universit\u00e0 degli Studi Roma Tre con delega al Coordinamento delle Attivit\u00e0 di Terza Missione<br>Giovanni Formica, Direttore del Dipartimento di Architettura<br>Barbara De Angelis, Delegata Del Rettore alla disabilit\u00e0, ai disturbi specifici dell\u2019apprendimento (DSA) e al supporto all\u2019inclusione<br>Paola Marrone, Referente Scientifico <em>Flagship &#8211; FP2 &#8211; Energy transition and digital transition in urban regeneration and construction<\/em> del <em>Rome Technopole<\/em>, Dipartimento di Architettura, Universit\u00e0 degli Studi Roma Tre<br>Francesca Fatta, Presidente UID \u2013 Unione Italiana per il Disegno<br>Catia Giaconi, Presidente SIPeS \u2013 Societ\u00e0 Italiana di Pedagogia Speciale<br>Gabriella Cetorelli, Segretariato generale MiC, Servizio II \u2013 Ufficio UNESCO<br>Laura Farroni, Universit\u00e0 degli Studi Roma Tre, Dipartimento Architettura<\/p>\n\n\n\n<p><strong>10:30 &#8211; Interventi a invito<\/strong> (moderatrici: Barbara De Angelis, Laura Farroni)<br><em>La dimensione creativa della flessibilit\u00e0<\/em><br>Luigi Franciosini, Dipartimento di Architettura, Universit\u00e0 degli Studi Roma Tre<br>Lorenzo Cantatore, Dipartimento di Scienze della Formazione, Universit\u00e0 degli Studi Roma Tre<br><em>La flessibilit\u00e0 per un approccio inclusivo<\/em><br>Fabio Bocci, Dipartimento di Scienze della Formazione, Universit\u00e0 degli Studi Roma Tre<br>Elisabetta Borgia, Direzione generale Educazione, ricerca e istituti culturali, MiC, Responsabile Ufficio Educazione, formazione e ricerca<br><em>L\u2019ecologia flessibile dei sistemi complessi<\/em><br>Lucia Marchegiani, Referente di Ateneo per Spoke 2, <em>Rome Technopole<\/em>, Dipartimento di Economia Aziendale, Universit\u00e0 degli Studi Roma Tre<br>Ornella Zerlenga, Dipartimento di Architettura e Disegno Industriale, Universit\u00e0 degli Studi della Campania \u201cLuigi Vanvitelli\u201d<br><em>Contaminazioni e flessibilit\u00e0 tra reale e virtuale<\/em><br>Gino Roncaglia, Dipartimento di Filosofia, Comunicazione e Spettacolo, Universit\u00e0 degli Studi Roma Tre<br>Francesco Agrusti, Dipartimento di Scienze della Formazione, Universit\u00e0 degli Studi Roma Tre<\/p>\n\n\n\n<p><strong>13:00 &#8211; Pausa pranzo<\/strong><\/p>\n\n\n\n<p><strong>14:00 &#8211; Sessioni parallele<\/strong><br><em>La dimensione creativa della flessibilit\u00e0<\/em>, Aula Morandi, Padiglione 8 &#8211; Piano terra<br>(moderano: Amalia Rizzo, Alessandra Carlini)<br><em>La flessibilit\u00e0 per un approccio inclusivo<\/em>, Aula Libera, Padiglione 8 &#8211; Piano terra<br>(moderano: Marianna Traversetti, Manuela Incerti)<br><em>L&#8217;ecologia flessibile dei sistemi complessi<\/em>, Aula Zorzi, Padiglione 8 &#8211; Piano terra<br>(moderano: Alessandra Cirafici, Camilla Casonato)<br><em>Contaminazione e flessibilit\u00e0 tra reale\/virtuale<\/em>, Aula Lab\u00f2, Padiglione 2B &#8211; Piano terra<br>(moderano: Massimiliano Ciammaichella, Tommaso Empler)<\/p>\n\n\n\n<p><strong>16:30 &#8211; Chiusura dei lavori<\/strong><\/p>\n\n\n\n<div style=\"height:20px\" aria-hidden=\"true\" class=\"wp-block-spacer\"><\/div>\n\n\n\n<p style=\"font-style:normal;font-weight:800\">8 novembre 2024 \/ 9:00-13:00<br>Liceo Scientifico Statale Camillo Cavour<br>Via delle Carine,1<\/p>\n\n\n\n<p><strong>9:00 &#8211; Saluti istituzionali<\/strong>, Aula Magna<br>Anna Paola Sabatini, USRL, Direttore Generale dell&#8217;Ufficio Scolastico Regionale per il Lazio<br>Danilo Vicca, Dirigente Ufficio VI<br>Daniele Parrucci, Citt\u00e0 Metropolitana di Roma Capitale, Consigliere delegato Edilizia scolastica, impiantistica, sportiva, politiche della formazione<br>Claudia Pratelli, Comune di Roma, Assessora alla Scuola, Formazione e Lavoro<br>Claudia Sabatano, Dirigente Scolastico Liceo Scientifico Statale Camillo Cavour<br>Barbara De Angelis, Delegata del Rettore alla disabilit\u00e0, ai disturbi specifici dell\u2019apprendimento (DSA) e al supporto all\u2019inclusione, Universit\u00e0 degli Studi Roma Tre<br>Laura Farroni, Responsabile Protocollo Intesa Dipartimento di Architettura Roma Tre &#8211; Liceo Cavour, Universit\u00e0 degli Studi Roma Tre<\/p>\n\n\n\n<p><strong>9:45 &#8211; Introduzione ai lavori<br><\/strong>Laura Farroni, Dipartimento di Architettura, Universit\u00e0 degli Studi Roma Tre<\/p>\n\n\n\n<p><strong>10:00 &#8211; Tavola rotonda<\/strong> <strong>su <\/strong><em><strong>Progettare la flessibilit\u00e0 tra presente, passato e futuro<\/strong><\/em> (moderatrice: Claudia Sabatano)<br>Roberto Farn\u00e8, Universit\u00e0 di Bologna<br>Paolo Lozzi, Dirigente Scolastico dell\u2019IC Ennio Morricone, Roma<br>Philipp Botes, Dirigente Scolastico CPIA 1 Prato e Tutor CdL Scienze della Formazione Primaria Universit\u00e0 degli Studi Roma Tre<br>Alessandra Carlini, Architetto, Liceo Scientifico Statale C. Cavour, Roma<br>Matteo Flavio Mancini, Universit\u00e0 degli Studi Roma Tre<br>Donatella Visceglia, Universit\u00e0 degli Studi Roma Tre<br>Gianluca Sabatini, ELIS \u2013 Educazione, Lavoro, Istruzione, Sport<br>Massimo Patrone, Liceo Scientifico Statale C. Cavour, Roma<br>Giovanni Piazza, Liceo Scientifico Statale C. Cavour, Roma<\/p>\n\n\n\n<p><strong>12:00 &#8211; Conclusioni<\/strong><br>Laura Farroni, Dipartimento di Architettura, Universit\u00e0 degli Studi Roma Tre<\/p>\n\n\n\n<p><strong>12:30 &#8211; Visita degli ambienti flessibili <em>In &amp; Out<\/em> del Liceo Scientifico Statale C. Cavour<\/strong><br><em>L\u2019Officina delle idee: attraversare la flessibilit\u00e0<\/em>, Teresita d\u2019Agostino, Architetto, Liceo Scientifico C. Cavour<\/p>\n\n\n\n<div style=\"height:20px\" aria-hidden=\"true\" class=\"wp-block-spacer\"><\/div>\n\n\n\n<p>Scarica la <strong><a href=\"https:\/\/ambientiflessibili.uniroma3.it\/wp-content\/uploads\/2024\/11\/AF24_Locandina_4-11-2024.pdf\">locandina<\/a><\/strong>&nbsp;del convegno.<\/p>\n\n\n\n<p>Scarica il <strong><a href=\"https:\/\/ambientiflessibili.uniroma3.it\/wp-content\/uploads\/2024\/11\/Ambienti-flessibili_Programma-Panel_4-11-2024.pdf\">programma completo<\/a><\/strong>&nbsp;delle giornate del convegno.<\/p>\n\n\n\n<p><\/p>\n","protected":false},"excerpt":{"rendered":"<p>7 novembre 2024 \/ 9:00-13:00, 14:00-16:30Dipartimento di Architettura, Universit\u00e0 degli Studi Roma TreVia Aldo Manuzio 68L 9:00 &#8211; Registrazione, Aula Libera, Padiglione 8 &#8211; Piano &#8230; <\/p>\n","protected":false},"author":1,"featured_media":0,"parent":0,"menu_order":0,"comment_status":"closed","ping_status":"closed","template":"page-fullwidth.php","meta":{"footnotes":""},"class_list":["post-43","page","type-page","status-publish","hentry"],"_links":{"self":[{"href":"https:\/\/ambientiflessibili.uniroma3.it\/index.php?rest_route=\/wp\/v2\/pages\/43","targetHints":{"allow":["GET"]}}],"collection":[{"href":"https:\/\/ambientiflessibili.uniroma3.it\/index.php?rest_route=\/wp\/v2\/pages"}],"about":[{"href":"https:\/\/ambientiflessibili.uniroma3.it\/index.php?rest_route=\/wp\/v2\/types\/page"}],"author":[{"embeddable":true,"href":"https:\/\/ambientiflessibili.uniroma3.it\/index.php?rest_route=\/wp\/v2\/users\/1"}],"replies":[{"embeddable":true,"href":"https:\/\/ambientiflessibili.uniroma3.it\/index.php?rest_route=%2Fwp%2Fv2%2Fcomments&post=43"}],"version-history":[{"count":72,"href":"https:\/\/ambientiflessibili.uniroma3.it\/index.php?rest_route=\/wp\/v2\/pages\/43\/revisions"}],"predecessor-version":[{"id":187,"href":"https:\/\/ambientiflessibili.uniroma3.it\/index.php?rest_route=\/wp\/v2\/pages\/43\/revisions\/187"}],"wp:attachment":[{"href":"https:\/\/ambientiflessibili.uniroma3.it\/index.php?rest_route=%2Fwp%2Fv2%2Fmedia&parent=43"}],"curies":[{"name":"wp","href":"https:\/\/api.w.org\/{rel}","templated":true}]}}