{"id":14,"date":"2024-04-03T09:13:24","date_gmt":"2024-04-03T09:13:24","guid":{"rendered":"https:\/\/ambientiflessibili.uniroma3.it\/?page_id=14"},"modified":"2024-07-19T10:43:42","modified_gmt":"2024-07-19T10:43:42","slug":"comitati","status":"publish","type":"page","link":"https:\/\/ambientiflessibili.uniroma3.it\/?page_id=14","title":{"rendered":"comitati"},"content":{"rendered":"\n<p><strong>Comitato scientifico<\/strong><\/p>\n\n\n\n<p>Francesco Agrusti, Dipartimento di Scienze della Formazione, Universit\u00e0 degli Studi Roma Tre<br>Fabio Bocci, Dipartimento di Scienze della Formazione, Universit\u00e0 degli Studi Roma Tre<br>Elisabetta Borgia, Ministero della Cultura<br>Jo\u00e3o Cabeleira, Escola de Arquitetura, Arte e Design, Universidade do Minho\u200b\u200b\u200b\u200b<br>Filippo Camerota, Museo Galileo, Istituto e Museo di Storia della Scienza<br>Lorenzo Cantatore, Dipartimento di Scienze della Formazione, Universit\u00e0 degli Studi Roma Tre<br>Alessandra Carlini, Ministero dell&#8217;Istruzione e del Merito<br>Gabriella Cetorelli, Ministero della Cultura<br>Massimiliano Ciammaichella, Dipartimento di Culture del Progetto, Universit\u00e0 Iuav di Venezia<br>Paolo Clini, Dipartimento di Ingegneria Civile, Edile e Architettura, Universit\u00e0 Politecnica della Marche<br>Barbara De Angelis, Dipartimento di Scienze della Formazione, Universit\u00e0 degli Studi Roma Tre<br>Antonella di Luggo, Dipartimento di Architettura, Universit\u00e0 degli Studi di Napoli \u201cFederico II\u201d<br>Laura Farroni, Dipartimento di Architettura, Universit\u00e0 degli Studi Roma Tre<br>Luigi Franciosini, Dipartimento di Architettura, Universit\u00e0 degli Studi Roma Tre<br>Manuela Incerti, Dipartimento di Architettura, Universit\u00e0 degli Studi di Ferrara<br>Matteo Flavio Mancini, Dipartimento di Architettura, Universit\u00e0 degli Studi Roma Tre<br>Anna Maria Marras, ICOM Italia<br>Paola Marrone, Dipartimento di Architettura, Universit\u00e0 degli Studi Roma Tre<br>Ilaria Montella, Dipartimento di Architettura, Universit\u00e0 degli Studi Roma Tre<br>Anna Osello, Dipartimento di Ingegneria Strutturale, Edile e Geotecnica, Politecnico di Torino<br>Alessandra Pagliano, Dipartimento di Architettura, Universit\u00e0 degli Studi di Napoli \u201cFederico II\u201d<br>Caterina Palestini, Dipartimento di Architettura, Universit\u00e0 degli Studi \u201cG. D\u2019Annunzio\u201d Chieti-Pescara<br>Eva Pietroni, Istituto di Scienze del Patrimonio Culturale, Consiglio Nazionale delle Ricerche<br>Claudia Sabatano, Ministero dell&#8217;Istruzione e del Merito<br>Francesca Maria Ugliotti, Dipartimento di Ingegneria Strutturale, Edile e Geotecnica, Politecnico di Torino<br>Ornella Zerlenga, Dipartimento di Architettura e Disegno Industriale, Universit\u00e0 degli Studi della Campania \u201cLuigi Vanvitelli\u201d<\/p>\n\n\n\n<p><strong>Comitato organizzativo<\/strong><\/p>\n\n\n\n<p>Philipp Botes, Alessandra Carlini, Barbara De Angelis, Marta Faienza, Laura Farroni, Matteo Flavio Mancini, Andreina Orlando<\/p>\n","protected":false},"excerpt":{"rendered":"<p>Comitato scientifico Francesco Agrusti, Dipartimento di Scienze della Formazione, Universit\u00e0 degli Studi Roma TreFabio Bocci, Dipartimento di Scienze della Formazione, Universit\u00e0 degli Studi Roma TreElisabetta &#8230; <\/p>\n","protected":false},"author":1,"featured_media":0,"parent":0,"menu_order":0,"comment_status":"closed","ping_status":"closed","template":"page-fullwidth.php","meta":{"footnotes":""},"class_list":["post-14","page","type-page","status-publish","hentry"],"_links":{"self":[{"href":"https:\/\/ambientiflessibili.uniroma3.it\/index.php?rest_route=\/wp\/v2\/pages\/14","targetHints":{"allow":["GET"]}}],"collection":[{"href":"https:\/\/ambientiflessibili.uniroma3.it\/index.php?rest_route=\/wp\/v2\/pages"}],"about":[{"href":"https:\/\/ambientiflessibili.uniroma3.it\/index.php?rest_route=\/wp\/v2\/types\/page"}],"author":[{"embeddable":true,"href":"https:\/\/ambientiflessibili.uniroma3.it\/index.php?rest_route=\/wp\/v2\/users\/1"}],"replies":[{"embeddable":true,"href":"https:\/\/ambientiflessibili.uniroma3.it\/index.php?rest_route=%2Fwp%2Fv2%2Fcomments&post=14"}],"version-history":[{"count":3,"href":"https:\/\/ambientiflessibili.uniroma3.it\/index.php?rest_route=\/wp\/v2\/pages\/14\/revisions"}],"predecessor-version":[{"id":138,"href":"https:\/\/ambientiflessibili.uniroma3.it\/index.php?rest_route=\/wp\/v2\/pages\/14\/revisions\/138"}],"wp:attachment":[{"href":"https:\/\/ambientiflessibili.uniroma3.it\/index.php?rest_route=%2Fwp%2Fv2%2Fmedia&parent=14"}],"curies":[{"name":"wp","href":"https:\/\/api.w.org\/{rel}","templated":true}]}}